{"id":165,"date":"2020-05-20T12:47:46","date_gmt":"2020-05-20T12:47:46","guid":{"rendered":"https:\/\/everythingcustomlv.shop\/about\/"},"modified":"2025-03-12T18:34:33","modified_gmt":"2025-03-12T18:34:33","slug":"about","status":"publish","type":"page","link":"https:\/\/everythingcustomlv.shop\/es\/about\/","title":{"rendered":"Acerca de"},"content":{"rendered":"<div data-elementor-type=\"wp-page\" data-elementor-id=\"165\" class=\"elementor elementor-165\" data-elementor-post-type=\"page\">\n\t\t\t\t<div class=\"aux-parallax-section elementor-element elementor-element-770994f e-flex e-con-boxed e-con e-parent\" data-id=\"770994f\" data-element_type=\"container\" data-e-type=\"container\">\n\t\t\t\t\t<div class=\"e-con-inner\">\n\t\t<div class=\"elementor-element elementor-element-ba0f8ec e-con-full e-flex e-con e-child\" data-id=\"ba0f8ec\" data-element_type=\"container\" data-e-type=\"container\">\n\t\t\t\t<div class=\"elementor-element elementor-element-b306bb3 elementor-widget__width-auto aux-appear-watch-animation aux-fade-in elementor-widget elementor-widget-aux_modern_heading\" data-id=\"b306bb3\" data-element_type=\"widget\" data-e-type=\"widget\" data-widget_type=\"aux_modern_heading.default\">\n\t\t\t\t<div class=\"elementor-widget-container\">\n\t\t\t\t\t<section class=\"aux-widget-modern-heading\">\n            <div class=\"aux-widget-inner\"><p class=\"aux-modern-heading-primary\">Acerca de nosotros<\/p><h5 class=\"aux-modern-heading-secondary\"><span class=\"aux-head-before\">Creando con pasi\u00f3n, personalizando con calidad<\/span><\/h5><\/div>\n        <\/section>\t\t\t\t<\/div>\n\t\t\t\t<\/div>\n\t\t\t\t<div class=\"elementor-element elementor-element-699f2ed elementor-widget elementor-widget-text-editor\" data-id=\"699f2ed\" data-element_type=\"widget\" data-e-type=\"widget\" data-widget_type=\"text-editor.default\">\n\t\t\t\t<div class=\"elementor-widget-container\">\n\t\t\t\t\t\t\t\t\t<p data-start=\"0\" data-end=\"82\"><strong data-start=\"0\" data-end=\"80\">Everything Custom naci\u00f3 del amor por la creatividad y la personalizaci\u00f3n.<\/strong><\/p><p data-start=\"84\" data-end=\"373\">Soy Lizbeth Gonz\u00e1lez, y en 2018 comenc\u00e9 a dise\u00f1ar productos personalizados para mi familia y amigos, inspirada por mi pasi\u00f3n por los detalles y los recuerdos especiales. Con experiencia en f\u00e1bricas de bordado y pintura, y como madre de cuatro hijos, siempre so\u00f1\u00e9 con llevar esta pasi\u00f3n m\u00e1s all\u00e1.<\/p><p data-start=\"375\" data-end=\"747\">In 2022, I made the decision to fully dedicate myself to this project, with the support of my daughter, Cynthia L. Garc\u00eda, who became my right hand. This is how <em data-start=\"536\" data-end=\"555\">Everything Custom<\/em> En 2022, tom\u00e9 la decisi\u00f3n de dedicarme por completo a este proyecto, con el apoyo de mi hija Cynthia L. Garc\u00eda, quien se convirti\u00f3 en mi mano derecha. As\u00ed, Everything Custom dej\u00f3 de ser solo un sue\u00f1o para convertirse en una marca que ofrece bordado, DTF, sublimaci\u00f3n y screen printing, ayudando a personas y empresas a plasmar su identidad en cada producto.<\/p><p data-start=\"749\" data-end=\"926\">Hoy, nuestra misi\u00f3n es transformar ideas en art\u00edculos \u00fanicos, desde uniformes y promocionales hasta regalos especiales, garantizando calidad y atenci\u00f3n personalizada en cada detalle.<\/p><p data-start=\"928\" data-end=\"963\" data-is-last-node=\"\" data-is-only-node=\"\"><strong data-start=\"928\" data-end=\"963\" data-is-last-node=\"\">\u00a1Tu creatividad, nuestra especialidad!<\/strong><\/p>\t\t\t\t\t\t\t\t<\/div>\n\t\t\t\t<\/div>\n\t\t\t\t<div class=\"elementor-element elementor-element-cff2dd8 aux-appear-watch-animation aux-scale-up elementor-widget elementor-widget-aux_image\" data-id=\"cff2dd8\" data-element_type=\"widget\" data-e-type=\"widget\" data-widget_type=\"aux_image.default\">\n\t\t\t\t<div class=\"elementor-widget-container\">\n\t\t\t\t\t<section class=\"widget-container aux-widget-image aux-alignnone aux-parent-aub078a895\">\n    <div class=\"aux-media-hint-frame\">\n        <div class=\"aux-media-image\" >\n        \n            \n\n            \n            <img fetchpriority=\"high\" decoding=\"async\" width=\"1024\" height=\"620\" src=\"data:image\/gif;base64,R0lGODlhAQABAIAAAAAAAP\/\/\/yH5BAEAAAAALAAAAAABAAEAAAIBRAA7\" class=\"aux-attachment aux-featured-image aux-attachment-id-313 aux-preload aux-blank\" alt=\"78b68a23-6bfa-4c31-86a1-73ea879684b8\" data-ratio=\"1.65\" data-original-w=\"1024\" data-src=\"https:\/\/everythingcustomlv.shop\/wp-content\/uploads\/2025\/03\/78b68a23-6bfa-4c31-86a1-73ea879684b8.jpg\" \/>            \n                <\/div>\n    <\/div>\n\n<\/section><!-- widget-container -->\t\t\t\t<\/div>\n\t\t\t\t<\/div>\n\t\t\t\t<\/div>\n\t\t\t\t\t<\/div>\n\t\t\t\t<\/div>\n\t\t<div class=\"aux-parallax-section elementor-element elementor-element-538689a e-flex e-con-boxed e-con e-parent\" data-id=\"538689a\" data-element_type=\"container\" data-e-type=\"container\">\n\t\t\t\t\t<div class=\"e-con-inner\">\n\t\t<div class=\"elementor-element elementor-element-98c9c02 e-con-full e-flex e-con e-child\" data-id=\"98c9c02\" data-element_type=\"container\" data-e-type=\"container\">\n\t\t\t\t<div class=\"elementor-element elementor-element-fa55266 elementor-widget__width-auto aux-appear-watch-animation aux-fade-in elementor-widget elementor-widget-aux_modern_heading\" data-id=\"fa55266\" data-element_type=\"widget\" data-e-type=\"widget\" data-widget_type=\"aux_modern_heading.default\">\n\t\t\t\t<div class=\"elementor-widget-container\">\n\t\t\t\t\t<section class=\"aux-widget-modern-heading\">\n            <div class=\"aux-widget-inner\"><p class=\"aux-modern-heading-primary\">\u00bfPor qu\u00e9 elegir Everything Custom?<\/p><h5 class=\"aux-modern-heading-secondary\"><span class=\"aux-head-before\">Calidad, personalizaci\u00f3n y compromiso en cada detalle<\/span><\/h5><div class=\"aux-modern-heading-description\"><p>En Everything Custom, nos apasiona la personalizaci\u00f3n y nos comprometemos a ofrecerte productos de la m\u00e1s alta calidad.<\/p><\/div><\/div>\n        <\/section>\t\t\t\t<\/div>\n\t\t\t\t<\/div>\n\t\t<div class=\"elementor-element elementor-element-1553f39 aux-appear-watch-animation aux-fade-in e-con-full e-flex e-con e-child\" data-id=\"1553f39\" data-element_type=\"container\" data-e-type=\"container\" data-settings=\"{&quot;background_background&quot;:&quot;classic&quot;}\">\n\t\t<div class=\"elementor-element elementor-element-f430cef e-con-full e-flex e-con e-child\" data-id=\"f430cef\" data-element_type=\"container\" data-e-type=\"container\">\n\t\t\t\t<div class=\"elementor-element elementor-element-86326ec elementor-position-inline-start aux-appear-watch-animation aux-fade-in-right-1 elementor-view-default elementor-mobile-position-block-start elementor-widget elementor-widget-icon-box\" data-id=\"86326ec\" data-element_type=\"widget\" data-e-type=\"widget\" data-widget_type=\"icon-box.default\">\n\t\t\t\t<div class=\"elementor-widget-container\">\n\t\t\t\t\t\t\t<div class=\"elementor-icon-box-wrapper\">\n\n\t\t\t\t\t\t<div class=\"elementor-icon-box-icon\">\n\t\t\t\t<span  class=\"elementor-icon\">\n\t\t\t\t<i aria-hidden=\"true\" class=\"fas fa-truck\"><\/i>\t\t\t\t<\/span>\n\t\t\t<\/div>\n\t\t\t\n\t\t\t\t\t\t<div class=\"elementor-icon-box-content\">\n\n\t\t\t\t\t\t\t\t\t<h4 class=\"elementor-icon-box-title\">\n\t\t\t\t\t\t<span  >\n\t\t\t\t\t\t\tEnv\u00edo gratis\t\t\t\t\t\t<\/span>\n\t\t\t\t\t<\/h4>\n\t\t\t\t\n\t\t\t\t\t\t\t\t\t<p class=\"elementor-icon-box-description\">\n\t\t\t\t\t\tEnv\u00edo gratis a partir de $150\t\t\t\t\t<\/p>\n\t\t\t\t\n\t\t\t<\/div>\n\t\t\t\n\t\t<\/div>\n\t\t\t\t\t\t<\/div>\n\t\t\t\t<\/div>\n\t\t\t\t<\/div>\n\t\t<div class=\"elementor-element elementor-element-a368c3a e-con-full e-flex e-con e-child\" data-id=\"a368c3a\" data-element_type=\"container\" data-e-type=\"container\">\n\t\t\t\t<div class=\"elementor-element elementor-element-1d6a647 elementor-position-inline-start aux-appear-watch-animation aux-fade-in-right elementor-view-default elementor-mobile-position-block-start elementor-widget elementor-widget-icon-box\" data-id=\"1d6a647\" data-element_type=\"widget\" data-e-type=\"widget\" data-widget_type=\"icon-box.default\">\n\t\t\t\t<div class=\"elementor-widget-container\">\n\t\t\t\t\t\t\t<div class=\"elementor-icon-box-wrapper\">\n\n\t\t\t\t\t\t<div class=\"elementor-icon-box-icon\">\n\t\t\t\t<span  class=\"elementor-icon\">\n\t\t\t\t<i aria-hidden=\"true\" class=\"fas fa-star\"><\/i>\t\t\t\t<\/span>\n\t\t\t<\/div>\n\t\t\t\n\t\t\t\t\t\t<div class=\"elementor-icon-box-content\">\n\n\t\t\t\t\t\t\t\t\t<h4 class=\"elementor-icon-box-title\">\n\t\t\t\t\t\t<span  >\n\t\t\t\t\t\t\tCalidad y precisi\u00f3n\t\t\t\t\t\t<\/span>\n\t\t\t\t\t<\/h4>\n\t\t\t\t\n\t\t\t\t\t\t\t\t\t<p class=\"elementor-icon-box-description\">\n\t\t\t\t\t\tResultados duraderos y profesionales.\t\t\t\t\t<\/p>\n\t\t\t\t\n\t\t\t<\/div>\n\t\t\t\n\t\t<\/div>\n\t\t\t\t\t\t<\/div>\n\t\t\t\t<\/div>\n\t\t\t\t<\/div>\n\t\t<div class=\"elementor-element elementor-element-91f0005 e-con-full e-flex e-con e-child\" data-id=\"91f0005\" data-element_type=\"container\" data-e-type=\"container\">\n\t\t\t\t<div class=\"elementor-element elementor-element-fe4e10e elementor-position-inline-start aux-appear-watch-animation aux-fade-in-right-1 elementor-view-default elementor-mobile-position-block-start elementor-widget elementor-widget-icon-box\" data-id=\"fe4e10e\" data-element_type=\"widget\" data-e-type=\"widget\" data-widget_type=\"icon-box.default\">\n\t\t\t\t<div class=\"elementor-widget-container\">\n\t\t\t\t\t\t\t<div class=\"elementor-icon-box-wrapper\">\n\n\t\t\t\t\t\t<div class=\"elementor-icon-box-icon\">\n\t\t\t\t<span  class=\"elementor-icon\">\n\t\t\t\t<i aria-hidden=\"true\" class=\"fas fa-hands-helping\"><\/i>\t\t\t\t<\/span>\n\t\t\t<\/div>\n\t\t\t\n\t\t\t\t\t\t<div class=\"elementor-icon-box-content\">\n\n\t\t\t\t\t\t\t\t\t<h4 class=\"elementor-icon-box-title\">\n\t\t\t\t\t\t<span  >\n\t\t\t\t\t\t\tAtenci\u00f3n personalizada\t\t\t\t\t\t<\/span>\n\t\t\t\t\t<\/h4>\n\t\t\t\t\n\t\t\t\t\t\t\t\t\t<p class=\"elementor-icon-box-description\">\n\t\t\t\t\t\tAsesoramiento en cada paso del proceso\t\t\t\t\t<\/p>\n\t\t\t\t\n\t\t\t<\/div>\n\t\t\t\n\t\t<\/div>\n\t\t\t\t\t\t<\/div>\n\t\t\t\t<\/div>\n\t\t\t\t<\/div>\n\t\t<div class=\"elementor-element elementor-element-812e79d e-con-full e-flex e-con e-child\" data-id=\"812e79d\" data-element_type=\"container\" data-e-type=\"container\">\n\t\t\t\t<div class=\"elementor-element elementor-element-b9921f8 elementor-position-inline-start aux-appear-watch-animation aux-fade-in-right-1 elementor-view-default elementor-mobile-position-block-start elementor-widget elementor-widget-icon-box\" data-id=\"b9921f8\" data-element_type=\"widget\" data-e-type=\"widget\" data-widget_type=\"icon-box.default\">\n\t\t\t\t<div class=\"elementor-widget-container\">\n\t\t\t\t\t\t\t<div class=\"elementor-icon-box-wrapper\">\n\n\t\t\t\t\t\t<div class=\"elementor-icon-box-icon\">\n\t\t\t\t<span  class=\"elementor-icon\">\n\t\t\t\t<i aria-hidden=\"true\" class=\"fas fa-credit-card\"><\/i>\t\t\t\t<\/span>\n\t\t\t<\/div>\n\t\t\t\n\t\t\t\t\t\t<div class=\"elementor-icon-box-content\">\n\n\t\t\t\t\t\t\t\t\t<h4 class=\"elementor-icon-box-title\">\n\t\t\t\t\t\t<span  >\n\t\t\t\t\t\t\tPagos seguros\t\t\t\t\t\t<\/span>\n\t\t\t\t\t<\/h4>\n\t\t\t\t\n\t\t\t\t\t\t\t\t\t<p class=\"elementor-icon-box-description\">\n\t\t\t\t\t\tM\u00e9todos de pago con protecci\u00f3n y garant\u00eda para tu tranquilidad\t\t\t\t\t<\/p>\n\t\t\t\t\n\t\t\t<\/div>\n\t\t\t\n\t\t<\/div>\n\t\t\t\t\t\t<\/div>\n\t\t\t\t<\/div>\n\t\t\t\t<\/div>\n\t\t\t\t<\/div>\n\t\t<div class=\"elementor-element elementor-element-5bcc887 e-con-full e-flex e-con e-child\" data-id=\"5bcc887\" data-element_type=\"container\" data-e-type=\"container\">\n\t\t\t\t<div class=\"elementor-element elementor-element-5e8c002 elementor-widget elementor-widget-aux_video\" data-id=\"5e8c002\" data-element_type=\"widget\" data-e-type=\"widget\" data-widget_type=\"aux_video.default\">\n\t\t\t\t<div class=\"elementor-widget-container\">\n\t\t\t\t\t<section class=\"widget-container aux-widget-video aux-parent-aua8968fb9\"><\/section><!-- widget-container -->\t\t\t\t<\/div>\n\t\t\t\t<\/div>\n\t\t<div class=\"elementor-element elementor-element-86d1884 e-con-full e-flex e-con e-child\" data-id=\"86d1884\" data-element_type=\"container\" data-e-type=\"container\">\n\t\t\t\t<div class=\"elementor-element elementor-element-4c6c05c elementor-widget__width-auto aux-appear-watch-animation aux-fade-in-left-1 elementor-widget elementor-widget-aux_video\" data-id=\"4c6c05c\" data-element_type=\"widget\" data-e-type=\"widget\" data-widget_type=\"aux_video.default\">\n\t\t\t\t<div class=\"elementor-widget-container\">\n\t\t\t\t\t<section class=\"widget-container aux-widget-video aux-parent-au6b442df2\"><div style=\"width: 2000px;\" class=\"wp-video\"><!--[if lt IE 9]><script>document.createElement('video');<\/script><![endif]-->\n<video class=\"wp-video-shortcode aux-player-dark\" id=\"video-165-1\" width=\"2000\" height=\"800\" loop autoplay preload=\"metadata\" controls=\"controls\"><source type=\"video\/mp4\" src=\"https:\/\/everythingcustomlv.shop\/wp-content\/uploads\/2025\/03\/59f5cf4e-1ab1-484e-b87a-73582e6d088c.mp4?_=1\" \/><a href=\"https:\/\/everythingcustomlv.shop\/wp-content\/uploads\/2025\/03\/59f5cf4e-1ab1-484e-b87a-73582e6d088c.mp4\">https:\/\/everythingcustomlv.shop\/wp-content\/uploads\/2025\/03\/59f5cf4e-1ab1-484e-b87a-73582e6d088c.mp4<\/a><\/video><\/div><\/section><!-- widget-container -->\t\t\t\t<\/div>\n\t\t\t\t<\/div>\n\t\t\t\t<\/div>\n\t\t<div class=\"elementor-element elementor-element-e14a6de e-con-full e-flex e-con e-child\" data-id=\"e14a6de\" data-element_type=\"container\" data-e-type=\"container\">\n\t\t\t\t<div class=\"elementor-element elementor-element-691ace1 aux-appear-watch-animation aux-fade-in-right-1 elementor-widget elementor-widget-aux_video\" data-id=\"691ace1\" data-element_type=\"widget\" data-e-type=\"widget\" data-widget_type=\"aux_video.default\">\n\t\t\t\t<div class=\"elementor-widget-container\">\n\t\t\t\t\t<section class=\"widget-container aux-widget-video aux-parent-au0a0286f2\"><div style=\"width: 2000px;\" class=\"wp-video\"><video class=\"wp-video-shortcode aux-player-dark\" id=\"video-165-2\" width=\"2000\" height=\"800\" loop autoplay preload=\"metadata\" controls=\"controls\"><source type=\"video\/mp4\" src=\"https:\/\/everythingcustomlv.shop\/wp-content\/uploads\/2025\/03\/0ffdca9a-0165-4cca-a22a-11cbe4419079.mp4?_=2\" \/><a href=\"https:\/\/everythingcustomlv.shop\/wp-content\/uploads\/2025\/03\/0ffdca9a-0165-4cca-a22a-11cbe4419079.mp4\">https:\/\/everythingcustomlv.shop\/wp-content\/uploads\/2025\/03\/0ffdca9a-0165-4cca-a22a-11cbe4419079.mp4<\/a><\/video><\/div><\/section><!-- widget-container -->\t\t\t\t<\/div>\n\t\t\t\t<\/div>\n\t\t\t\t<\/div>\n\t\t\t\t<\/div>\n\t\t\t\t<\/div>\n\t\t\t\t\t<\/div>\n\t\t\t\t<\/div>\n\t\t\t\t<\/div>","protected":false},"excerpt":{"rendered":"<p>ABOUT US Creating with passion, customizing with quality Everything Custom was born out of a love for creativity and personalization. I am Lizbeth Gonz\u00e1lez, and in 2018, I began designing personalized products for my family and friends, inspired by my passion for details and special memories. With experience in embroidery and painting factories, and as [&hellip;]<\/p>","protected":false},"author":1,"featured_media":0,"parent":0,"menu_order":0,"comment_status":"closed","ping_status":"closed","template":"templates\/page-builder-content.php","meta":{"footnotes":""},"class_list":["post-165","page","type-page","status-publish","hentry"],"_links":{"self":[{"href":"https:\/\/everythingcustomlv.shop\/es\/wp-json\/wp\/v2\/pages\/165","targetHints":{"allow":["GET"]}}],"collection":[{"href":"https:\/\/everythingcustomlv.shop\/es\/wp-json\/wp\/v2\/pages"}],"about":[{"href":"https:\/\/everythingcustomlv.shop\/es\/wp-json\/wp\/v2\/types\/page"}],"author":[{"embeddable":true,"href":"https:\/\/everythingcustomlv.shop\/es\/wp-json\/wp\/v2\/users\/1"}],"replies":[{"embeddable":true,"href":"https:\/\/everythingcustomlv.shop\/es\/wp-json\/wp\/v2\/comments?post=165"}],"version-history":[{"count":37,"href":"https:\/\/everythingcustomlv.shop\/es\/wp-json\/wp\/v2\/pages\/165\/revisions"}],"predecessor-version":[{"id":475,"href":"https:\/\/everythingcustomlv.shop\/es\/wp-json\/wp\/v2\/pages\/165\/revisions\/475"}],"wp:attachment":[{"href":"https:\/\/everythingcustomlv.shop\/es\/wp-json\/wp\/v2\/media?parent=165"}],"curies":[{"name":"wp","href":"https:\/\/api.w.org\/{rel}","templated":true}]}}