{"id":286,"date":"2025-03-03T20:03:59","date_gmt":"2025-03-03T20:03:59","guid":{"rendered":"https:\/\/everythingcustomlv.shop\/?page_id=286"},"modified":"2025-03-12T18:51:45","modified_gmt":"2025-03-12T18:51:45","slug":"services","status":"publish","type":"page","link":"https:\/\/everythingcustomlv.shop\/es\/services\/","title":{"rendered":"Servicios"},"content":{"rendered":"<div data-elementor-type=\"wp-page\" data-elementor-id=\"286\" class=\"elementor elementor-286\" data-elementor-post-type=\"page\">\n\t\t\t\t<div class=\"aux-parallax-section elementor-element elementor-element-dcbeec9 e-flex e-con-boxed e-con e-parent\" data-id=\"dcbeec9\" data-element_type=\"container\" data-e-type=\"container\">\n\t\t\t\t\t<div class=\"e-con-inner\">\n\t\t\t\t<div class=\"elementor-element elementor-element-af43f17 elementor-widget__width-auto aux-appear-watch-animation aux-fade-in elementor-widget elementor-widget-aux_modern_heading\" data-id=\"af43f17\" data-element_type=\"widget\" data-e-type=\"widget\" data-widget_type=\"aux_modern_heading.default\">\n\t\t\t\t<div class=\"elementor-widget-container\">\n\t\t\t\t\t<section class=\"aux-widget-modern-heading\">\n            <div class=\"aux-widget-inner\"><p class=\"aux-modern-heading-primary\">NUESTROS SERVICIOS<\/p><h5 class=\"aux-modern-heading-secondary\"><span class=\"aux-head-before\">Personalizaci\u00f3n profesional con calidad garantizada<\/span><\/h5><\/div>\n        <\/section>\t\t\t\t<\/div>\n\t\t\t\t<\/div>\n\t\t\t\t\t<\/div>\n\t\t\t\t<\/div>\n\t\t<div class=\"aux-parallax-section elementor-element elementor-element-e798c31 e-flex e-con-boxed e-con e-parent\" data-id=\"e798c31\" data-element_type=\"container\" data-e-type=\"container\">\n\t\t\t\t\t<div class=\"e-con-inner\">\n\t\t<div class=\"elementor-element elementor-element-3eb66f5 e-con-full e-flex e-con e-child\" data-id=\"3eb66f5\" data-element_type=\"container\" data-e-type=\"container\">\n\t\t\t\t<div class=\"elementor-element elementor-element-6331930 aux-appear-watch-animation aux-fade-in-left-1 elementor-widget elementor-widget-heading\" data-id=\"6331930\" data-element_type=\"widget\" data-e-type=\"widget\" data-widget_type=\"heading.default\">\n\t\t\t\t<div class=\"elementor-widget-container\">\n\t\t\t\t\t<h2 class=\"elementor-heading-title elementor-size-default\">Impresi\u00f3n DTF<\/h2>\t\t\t\t<\/div>\n\t\t\t\t<\/div>\n\t\t\t\t<div class=\"elementor-element elementor-element-a8f373b aux-appear-watch-animation aux-fade-in-left-1 elementor-widget elementor-widget-text-editor\" data-id=\"a8f373b\" data-element_type=\"widget\" data-e-type=\"widget\" data-widget_type=\"text-editor.default\">\n\t\t\t\t<div class=\"elementor-widget-container\">\n\t\t\t\t\t\t\t\t\t<div class=\"flex max-w-full flex-col flex-grow\"><div class=\"min-h-8 text-message relative flex w-full flex-col items-end gap-2 whitespace-normal break-words text-start [.text-message+&amp;]:mt-5\" dir=\"auto\" data-message-author-role=\"assistant\" data-message-id=\"2656aaef-9a18-4d5c-a0e5-33d1414b074a\" data-message-model-slug=\"gpt-4o-mini\"><div class=\"flex w-full flex-col gap-1 empty:hidden first:pt-[3px]\"><div class=\"markdown prose w-full break-words dark:prose-invert light\"><p data-start=\"0\" data-end=\"115\">Se imprime el dise\u00f1o en una pel\u00edcula especial, se cubre con un polvo adhesivo y luego se transfiere con calor a la prenda.<\/p><p data-start=\"117\" data-end=\"196\" data-is-last-node=\"\" data-is-only-node=\"\">Ideal para personalizar ropa y accesorios con colores n\u00edtidos y duraderos.<\/p><\/div><\/div><\/div><\/div>\t\t\t\t\t\t\t\t<\/div>\n\t\t\t\t<\/div>\n\t\t\t\t<div class=\"elementor-element elementor-element-8a576b6 aux-appear-watch-animation aux-fade-in-left-1 elementor-widget elementor-widget-aux_modern_button\" data-id=\"8a576b6\" data-element_type=\"widget\" data-e-type=\"widget\" data-widget_type=\"aux_modern_button.default\">\n\t\t\t\t<div class=\"elementor-widget-container\">\n\t\t\t\t\t    <div class=\"aux-modern-button-wrapper aux-modern-button-align-left\" >\n                    <a class=\"aux-modern-button aux-black aux-modern-button-md aux-modern-button-normal aux-modern-button-default aux-icon-\" href=\"https:\/\/everythingcustomlv.shop\/es\/categoria-producto\/dtf-printing\/\">\n                <div class=\"aux-overlay\"><\/div>\n                                    <div class=\"aux-icon\">\n                                            <\/div>\n                                <div class=\"aux-text\">\n<span class=\"aux-text-before\">Ver Productos<\/span>                <\/div>\n            <\/a>\n            \n    <\/div>\n\n    \t\t\t\t<\/div>\n\t\t\t\t<\/div>\n\t\t\t\t<\/div>\n\t\t<div class=\"elementor-element elementor-element-ba6cb2c e-con-full e-flex e-con e-child\" data-id=\"ba6cb2c\" data-element_type=\"container\" data-e-type=\"container\">\n\t\t\t\t<div class=\"elementor-element elementor-element-bdad70e aux-appear-watch-animation aux-fade-in-right-1 elementor-widget elementor-widget-image\" data-id=\"bdad70e\" data-element_type=\"widget\" data-e-type=\"widget\" data-widget_type=\"image.default\">\n\t\t\t\t<div class=\"elementor-widget-container\">\n\t\t\t\t\t\t\t\t\t\t\t\t\t\t\t<img fetchpriority=\"high\" decoding=\"async\" width=\"1024\" height=\"974\" src=\"https:\/\/everythingcustomlv.shop\/wp-content\/uploads\/2025\/03\/97afd1af-aefa-4e84-a5fe-16afed087c98.jpg\" class=\"attachment-large size-large wp-image-364\" alt=\"\" srcset=\"https:\/\/everythingcustomlv.shop\/wp-content\/uploads\/2025\/03\/97afd1af-aefa-4e84-a5fe-16afed087c98.jpg 1024w, https:\/\/everythingcustomlv.shop\/wp-content\/uploads\/2025\/03\/97afd1af-aefa-4e84-a5fe-16afed087c98-200x190.jpg 200w, https:\/\/everythingcustomlv.shop\/wp-content\/uploads\/2025\/03\/97afd1af-aefa-4e84-a5fe-16afed087c98-600x571.jpg 600w\" sizes=\"(max-width: 1024px) 100vw, 1024px\" \/>\t\t\t\t\t\t\t\t\t\t\t\t\t\t\t<\/div>\n\t\t\t\t<\/div>\n\t\t\t\t<\/div>\n\t\t\t\t\t<\/div>\n\t\t\t\t<\/div>\n\t\t<div class=\"aux-parallax-section elementor-element elementor-element-887dfe2 e-flex e-con-boxed e-con e-parent\" data-id=\"887dfe2\" data-element_type=\"container\" data-e-type=\"container\">\n\t\t\t\t\t<div class=\"e-con-inner\">\n\t\t<div class=\"elementor-element elementor-element-b16f657 e-con-full e-flex e-con e-child\" data-id=\"b16f657\" data-element_type=\"container\" data-e-type=\"container\">\n\t\t\t\t<div class=\"elementor-element elementor-element-b80f290 aux-appear-watch-animation aux-fade-in-left-1 elementor-widget elementor-widget-image\" data-id=\"b80f290\" data-element_type=\"widget\" data-e-type=\"widget\" data-widget_type=\"image.default\">\n\t\t\t\t<div class=\"elementor-widget-container\">\n\t\t\t\t\t\t\t\t\t\t\t\t\t\t\t<img decoding=\"async\" width=\"768\" height=\"1024\" src=\"https:\/\/everythingcustomlv.shop\/wp-content\/uploads\/2025\/03\/e7eb5364-8d55-4183-bdcd-cc8ab3754b84.jpg\" class=\"attachment-large size-large wp-image-367\" alt=\"\" srcset=\"https:\/\/everythingcustomlv.shop\/wp-content\/uploads\/2025\/03\/e7eb5364-8d55-4183-bdcd-cc8ab3754b84.jpg 768w, https:\/\/everythingcustomlv.shop\/wp-content\/uploads\/2025\/03\/e7eb5364-8d55-4183-bdcd-cc8ab3754b84-200x267.jpg 200w, https:\/\/everythingcustomlv.shop\/wp-content\/uploads\/2025\/03\/e7eb5364-8d55-4183-bdcd-cc8ab3754b84-600x800.jpg 600w\" sizes=\"(max-width: 768px) 100vw, 768px\" \/>\t\t\t\t\t\t\t\t\t\t\t\t\t\t\t<\/div>\n\t\t\t\t<\/div>\n\t\t\t\t<\/div>\n\t\t<div class=\"elementor-element elementor-element-0b9c5a0 e-con-full e-flex e-con e-child\" data-id=\"0b9c5a0\" data-element_type=\"container\" data-e-type=\"container\">\n\t\t\t\t<div class=\"elementor-element elementor-element-ecb3eeb aux-appear-watch-animation aux-fade-in-right-1 elementor-widget elementor-widget-heading\" data-id=\"ecb3eeb\" data-element_type=\"widget\" data-e-type=\"widget\" data-widget_type=\"heading.default\">\n\t\t\t\t<div class=\"elementor-widget-container\">\n\t\t\t\t\t<h2 class=\"elementor-heading-title elementor-size-default\">Sublimaci\u00f3n<\/h2>\t\t\t\t<\/div>\n\t\t\t\t<\/div>\n\t\t\t\t<div class=\"elementor-element elementor-element-272ea98 aux-appear-watch-animation aux-fade-in-right-1 elementor-widget elementor-widget-text-editor\" data-id=\"272ea98\" data-element_type=\"widget\" data-e-type=\"widget\" data-widget_type=\"text-editor.default\">\n\t\t\t\t<div class=\"elementor-widget-container\">\n\t\t\t\t\t\t\t\t\t<p data-start=\"0\" data-end=\"214\">La sublimaci\u00f3n es un proceso qu\u00edmico en el que un s\u00f3lido se convierte en gas sin pasar por el estado l\u00edquido. Se utilizan tintas de sublimaci\u00f3n que se transfieren a hojas de papel de transferencia recubiertas y resistentes al calor mediante una impresora especializada.<\/p><p data-start=\"216\" data-end=\"348\" data-is-last-node=\"\" data-is-only-node=\"\">La sublimaci\u00f3n es una t\u00e9cnica de personalizaci\u00f3n que permite transferir una imagen a una prenda o art\u00edculo con alta fidelidad y durabilidad.<\/p>\t\t\t\t\t\t\t\t<\/div>\n\t\t\t\t<\/div>\n\t\t\t\t<div class=\"elementor-element elementor-element-7ee3e36 aux-appear-watch-animation aux-fade-in-right-1 elementor-widget elementor-widget-aux_modern_button\" data-id=\"7ee3e36\" data-element_type=\"widget\" data-e-type=\"widget\" data-widget_type=\"aux_modern_button.default\">\n\t\t\t\t<div class=\"elementor-widget-container\">\n\t\t\t\t\t    <div class=\"aux-modern-button-wrapper aux-modern-button-align-right\" >\n                    <a class=\"aux-modern-button aux-black aux-modern-button-md aux-modern-button-normal aux-modern-button-default aux-icon-\" href=\"https:\/\/everythingcustomlv.shop\/es\/categoria-producto\/sublimation-printing\/\">\n                <div class=\"aux-overlay\"><\/div>\n                                    <div class=\"aux-icon\">\n                                            <\/div>\n                                <div class=\"aux-text\">\n<span class=\"aux-text-before\">Ver Productos<\/span>                <\/div>\n            <\/a>\n            \n    <\/div>\n\n    \t\t\t\t<\/div>\n\t\t\t\t<\/div>\n\t\t\t\t<\/div>\n\t\t\t\t\t<\/div>\n\t\t\t\t<\/div>\n\t\t<div class=\"aux-parallax-section elementor-element elementor-element-a539301 e-flex e-con-boxed e-con e-parent\" data-id=\"a539301\" data-element_type=\"container\" data-e-type=\"container\">\n\t\t\t\t\t<div class=\"e-con-inner\">\n\t\t<div class=\"elementor-element elementor-element-4685c87 e-con-full e-flex e-con e-child\" data-id=\"4685c87\" data-element_type=\"container\" data-e-type=\"container\">\n\t\t\t\t<div class=\"elementor-element elementor-element-51f1c76 aux-appear-watch-animation aux-fade-in-left-1 elementor-widget elementor-widget-heading\" data-id=\"51f1c76\" data-element_type=\"widget\" data-e-type=\"widget\" data-widget_type=\"heading.default\">\n\t\t\t\t<div class=\"elementor-widget-container\">\n\t\t\t\t\t<h2 class=\"elementor-heading-title elementor-size-default\">Serigraf\u00eda<\/h2>\t\t\t\t<\/div>\n\t\t\t\t<\/div>\n\t\t\t\t<div class=\"elementor-element elementor-element-b042274 aux-appear-watch-animation aux-fade-in-left-1 elementor-widget elementor-widget-text-editor\" data-id=\"b042274\" data-element_type=\"widget\" data-e-type=\"widget\" data-widget_type=\"text-editor.default\">\n\t\t\t\t<div class=\"elementor-widget-container\">\n\t\t\t\t\t\t\t\t\t<p>La serigraf\u00eda es un proceso en el que la tinta se fuerza a trav\u00e9s de una pantalla de malla sobre una superficie. Se bloquean ciertas \u00e1reas de la pantalla para hacerlas impermeables a la tinta, impidiendo su paso. La tinta que atraviesa la malla es la que forma la imagen en el material.<\/p>\t\t\t\t\t\t\t\t<\/div>\n\t\t\t\t<\/div>\n\t\t\t\t<div class=\"elementor-element elementor-element-81f68ec aux-appear-watch-animation aux-fade-in-left-1 elementor-widget elementor-widget-aux_modern_button\" data-id=\"81f68ec\" data-element_type=\"widget\" data-e-type=\"widget\" data-widget_type=\"aux_modern_button.default\">\n\t\t\t\t<div class=\"elementor-widget-container\">\n\t\t\t\t\t    <div class=\"aux-modern-button-wrapper aux-modern-button-align-left\" >\n                    <a class=\"aux-modern-button aux-black aux-modern-button-md aux-modern-button-normal aux-modern-button-default aux-icon-\" href=\"https:\/\/everythingcustomlv.shop\/es\/categoria-producto\/screen-printing\/\">\n                <div class=\"aux-overlay\"><\/div>\n                                    <div class=\"aux-icon\">\n                                            <\/div>\n                                <div class=\"aux-text\">\n<span class=\"aux-text-before\">Ver Productos<\/span>                <\/div>\n            <\/a>\n            \n    <\/div>\n\n    \t\t\t\t<\/div>\n\t\t\t\t<\/div>\n\t\t\t\t<\/div>\n\t\t<div class=\"elementor-element elementor-element-0d63c07 e-con-full e-flex e-con e-child\" data-id=\"0d63c07\" data-element_type=\"container\" data-e-type=\"container\">\n\t\t\t\t<div class=\"elementor-element elementor-element-651de3d aux-appear-watch-animation aux-fade-in-right-1 elementor-widget elementor-widget-image\" data-id=\"651de3d\" data-element_type=\"widget\" data-e-type=\"widget\" data-widget_type=\"image.default\">\n\t\t\t\t<div class=\"elementor-widget-container\">\n\t\t\t\t\t\t\t\t\t\t\t\t\t\t\t<img decoding=\"async\" width=\"1024\" height=\"942\" src=\"https:\/\/everythingcustomlv.shop\/wp-content\/uploads\/2025\/03\/16fed878-c1db-4811-9ef2-61505f01bca1.jpg\" class=\"attachment-large size-large wp-image-264\" alt=\"\" srcset=\"https:\/\/everythingcustomlv.shop\/wp-content\/uploads\/2025\/03\/16fed878-c1db-4811-9ef2-61505f01bca1.jpg 1024w, https:\/\/everythingcustomlv.shop\/wp-content\/uploads\/2025\/03\/16fed878-c1db-4811-9ef2-61505f01bca1-200x184.jpg 200w, https:\/\/everythingcustomlv.shop\/wp-content\/uploads\/2025\/03\/16fed878-c1db-4811-9ef2-61505f01bca1-600x552.jpg 600w\" sizes=\"(max-width: 1024px) 100vw, 1024px\" \/>\t\t\t\t\t\t\t\t\t\t\t\t\t\t\t<\/div>\n\t\t\t\t<\/div>\n\t\t\t\t<\/div>\n\t\t\t\t\t<\/div>\n\t\t\t\t<\/div>\n\t\t<div class=\"aux-parallax-section elementor-element elementor-element-fd20942 e-flex e-con-boxed e-con e-parent\" data-id=\"fd20942\" data-element_type=\"container\" data-e-type=\"container\">\n\t\t\t\t\t<div class=\"e-con-inner\">\n\t\t<div class=\"elementor-element elementor-element-b132dcf e-con-full e-flex e-con e-child\" data-id=\"b132dcf\" data-element_type=\"container\" data-e-type=\"container\">\n\t\t\t\t<div class=\"elementor-element elementor-element-b5273ba aux-appear-watch-animation aux-fade-in-left-1 elementor-widget elementor-widget-image\" data-id=\"b5273ba\" data-element_type=\"widget\" data-e-type=\"widget\" data-widget_type=\"image.default\">\n\t\t\t\t<div class=\"elementor-widget-container\">\n\t\t\t\t\t\t\t\t\t\t\t\t\t\t\t<img loading=\"lazy\" decoding=\"async\" width=\"768\" height=\"768\" src=\"https:\/\/everythingcustomlv.shop\/wp-content\/uploads\/2025\/03\/393d9e69-0833-4282-912b-04492e29e637-768x768.jpg\" class=\"attachment-medium_large size-medium_large wp-image-343\" alt=\"\" srcset=\"https:\/\/everythingcustomlv.shop\/wp-content\/uploads\/2025\/03\/393d9e69-0833-4282-912b-04492e29e637-768x768.jpg 768w, https:\/\/everythingcustomlv.shop\/wp-content\/uploads\/2025\/03\/393d9e69-0833-4282-912b-04492e29e637-300x300.jpg 300w, https:\/\/everythingcustomlv.shop\/wp-content\/uploads\/2025\/03\/393d9e69-0833-4282-912b-04492e29e637-150x150.jpg 150w, https:\/\/everythingcustomlv.shop\/wp-content\/uploads\/2025\/03\/393d9e69-0833-4282-912b-04492e29e637-100x100.jpg 100w\" sizes=\"(max-width: 768px) 100vw, 768px\" \/>\t\t\t\t\t\t\t\t\t\t\t\t\t\t\t<\/div>\n\t\t\t\t<\/div>\n\t\t\t\t<\/div>\n\t\t<div class=\"elementor-element elementor-element-c6c0c4b e-con-full e-flex e-con e-child\" data-id=\"c6c0c4b\" data-element_type=\"container\" data-e-type=\"container\">\n\t\t\t\t<div class=\"elementor-element elementor-element-ecd457a aux-appear-watch-animation aux-fade-in-right-1 elementor-widget elementor-widget-heading\" data-id=\"ecd457a\" data-element_type=\"widget\" data-e-type=\"widget\" data-widget_type=\"heading.default\">\n\t\t\t\t<div class=\"elementor-widget-container\">\n\t\t\t\t\t<h2 class=\"elementor-heading-title elementor-size-default\">Bordado<\/h2>\t\t\t\t<\/div>\n\t\t\t\t<\/div>\n\t\t\t\t<div class=\"elementor-element elementor-element-1cf81c6 aux-appear-watch-animation aux-fade-in-right-1 elementor-widget elementor-widget-text-editor\" data-id=\"1cf81c6\" data-element_type=\"widget\" data-e-type=\"widget\" data-widget_type=\"text-editor.default\">\n\t\t\t\t<div class=\"elementor-widget-container\">\n\t\t\t\t\t\t\t\t\t<p data-start=\"0\" data-end=\"377\">El bordado a m\u00e1quina es un proceso que combina tecnolog\u00eda y creatividad. Se basa en un dise\u00f1o digital que, una vez creado, se carga en la m\u00e1quina bordadora, la cual lo sigue con precisi\u00f3n para plasmar el patr\u00f3n en la prenda. Cada puntada es controlada con exactitud, permitiendo crear desde dise\u00f1os simples hasta los m\u00e1s complejos, con hasta 15 colores seg\u00fan el dise\u00f1o.<\/p><p data-start=\"379\" data-end=\"522\" data-is-last-node=\"\" data-is-only-node=\"\">Ideal para personalizar logos de escuelas, negocios, cl\u00ednicas, eventos o regalos especiales, este proceso garantiza una alta durabilidad por muchos a\u00f1os.<\/p>\t\t\t\t\t\t\t\t<\/div>\n\t\t\t\t<\/div>\n\t\t\t\t<div class=\"elementor-element elementor-element-d2f4444 aux-appear-watch-animation aux-fade-in-right-1 elementor-widget elementor-widget-aux_modern_button\" data-id=\"d2f4444\" data-element_type=\"widget\" data-e-type=\"widget\" data-widget_type=\"aux_modern_button.default\">\n\t\t\t\t<div class=\"elementor-widget-container\">\n\t\t\t\t\t    <div class=\"aux-modern-button-wrapper aux-modern-button-align-right\" >\n                    <a class=\"aux-modern-button aux-black aux-modern-button-md aux-modern-button-normal aux-modern-button-default aux-icon-\" href=\"https:\/\/everythingcustomlv.shop\/es\/categoria-producto\/embroidery\/\">\n                <div class=\"aux-overlay\"><\/div>\n                                    <div class=\"aux-icon\">\n                                            <\/div>\n                                <div class=\"aux-text\">\n<span class=\"aux-text-before\">Ver Productos<\/span>                <\/div>\n            <\/a>\n            \n    <\/div>\n\n    \t\t\t\t<\/div>\n\t\t\t\t<\/div>\n\t\t\t\t<\/div>\n\t\t\t\t\t<\/div>\n\t\t\t\t<\/div>\n\t\t\t\t<\/div>","protected":false},"excerpt":{"rendered":"<p>OUR SERVICES Professional customization with guaranteed quality DFT printing The design is printed on a special film, coated with adhesive powder, and then heat-transferred onto the garment. Ideal for customizing clothing and accessories with sharp, long-lasting colors. Explore Products Sublimation Sublimation is a chemical process in which a solid turns into a gas without passing [&hellip;]<\/p>","protected":false},"author":1,"featured_media":0,"parent":0,"menu_order":0,"comment_status":"closed","ping_status":"closed","template":"","meta":{"footnotes":""},"class_list":["post-286","page","type-page","status-publish","hentry"],"_links":{"self":[{"href":"https:\/\/everythingcustomlv.shop\/es\/wp-json\/wp\/v2\/pages\/286","targetHints":{"allow":["GET"]}}],"collection":[{"href":"https:\/\/everythingcustomlv.shop\/es\/wp-json\/wp\/v2\/pages"}],"about":[{"href":"https:\/\/everythingcustomlv.shop\/es\/wp-json\/wp\/v2\/types\/page"}],"author":[{"embeddable":true,"href":"https:\/\/everythingcustomlv.shop\/es\/wp-json\/wp\/v2\/users\/1"}],"replies":[{"embeddable":true,"href":"https:\/\/everythingcustomlv.shop\/es\/wp-json\/wp\/v2\/comments?post=286"}],"version-history":[{"count":25,"href":"https:\/\/everythingcustomlv.shop\/es\/wp-json\/wp\/v2\/pages\/286\/revisions"}],"predecessor-version":[{"id":478,"href":"https:\/\/everythingcustomlv.shop\/es\/wp-json\/wp\/v2\/pages\/286\/revisions\/478"}],"wp:attachment":[{"href":"https:\/\/everythingcustomlv.shop\/es\/wp-json\/wp\/v2\/media?parent=286"}],"curies":[{"name":"wp","href":"https:\/\/api.w.org\/{rel}","templated":true}]}}